{"id":20130,"date":"2021-04-20T12:45:31","date_gmt":"2021-04-20T10:45:31","guid":{"rendered":"http:\/\/www.helgeland-oljeservice.no\/?page_id=20130"},"modified":"2024-02-02T11:43:04","modified_gmt":"2024-02-02T10:43:04","slug":"drivstoffkort","status":"publish","type":"page","link":"https:\/\/www.helgeland-oljeservice.no\/?page_id=20130","title":{"rendered":"Drivstoffkort"},"content":{"rendered":"<h2>Vi tilbyr drivstoffkort til b\u00e5de bedrifts-\/ og privatkunder.<\/h2>\n<p><a href=\"https:\/\/evc.payex.com\/pxsCamCustomer\/Case24?Ref=helgeland_oljeservice\">Trykk her for \u00e5 g\u00e5 til s\u00f8knad<\/a><\/p>\n<p>Ved bruk av drivstoffkort fra Helgeland Oljeservice vil du f\u00e5 rabatt p\u00e5 kj\u00f8p av drivstoff.\u00a0 For privatkunder er rabatten 40 \u00f8re\/l p\u00e5 Diesel og 30 \u00f8re\/l p\u00e5 Bensin &#8211; av gjeldende pumpepris.<\/p>\n<p>Skreddersydde avtaler for bedrifter &#8211; ta kontakt med Helgeland Oljeservice.<\/p>\n<p>Vi har valgt PayEx som leverand\u00f8r av korttjenesten . Ved godkjent s\u00f8knad vil du f\u00e5 tilgang til egen kundeweb for oversikt over dine faktura, saldo, kort mm. Kortet vil bli sendt til registrert adresse.<\/p>\n<p>Privatkunder faktureres 1 gang pr mnd (den 1. hver mnd). For bedriftskunder 2 ganger pr m\u00e5ned (den 1. og 16. hver mnd).<\/p>\n<p>Kredittgrense er kr 10 000 for privatkunder.<\/p>\n<p>Kortet kan brukes p\u00e5 Helgeland Oljeservice AS sine stasjoner;<\/p>\n<ul>\n<li>Automat Ytteren<\/li>\n<li>Automat Bjerka<\/li>\n<li>Automat Krokstrand<\/li>\n<\/ul>\n<p><em>(Dersom du opplever problemer med s\u00f8knadsprosessen, kontakt oss p\u00e5 post@helgeland-oljeservice.no eller p\u00e5 tlf 75155900)<\/em><\/p>\n","protected":false},"excerpt":{"rendered":"<div class=\"entry-summary\">\n<div class=\"entry-summary\">\nVi tilbyr drivstoffkort til b\u00e5de bedrifts-\/ og privatkunder. Trykk her for \u00e5 g\u00e5 til s\u00f8knad Ved bruk av drivstoffkort fra Helgeland Oljeservice vil du f\u00e5 rabatt p\u00e5 kj\u00f8p av drivstoff.\u00a0 For privatkunder er rabatten 40 \u00f8re\/l p\u00e5 Diesel og 30&hellip;\n<\/div>\n<div class=\"link-more\"><a href=\"https:\/\/www.helgeland-oljeservice.no\/?page_id=20130\" class=\"more-link\">Continue reading<span class=\"screen-reader-text\"> &ldquo;Drivstoffkort&rdquo;<\/span>&hellip;<\/a><\/div>\n<\/div>\n<div class=\"link-more\"><a href=\"https:\/\/www.helgeland-oljeservice.no\/?page_id=20130\" class=\"more-link\">Continue reading<span class=\"screen-reader-text\"> &ldquo;Drivstoffkort&rdquo;<\/span>&hellip;<\/a><\/div>\n","protected":false},"author":7,"featured_media":0,"parent":0,"menu_order":0,"comment_status":"closed","ping_status":"closed","template":"templates\/no-intro.php","meta":{"footnotes":""},"class_list":["post-20130","page","type-page","status-publish","hentry","entry"],"yoast_head":"<!-- This site is optimized with the Yoast SEO plugin v21.9.1 - https:\/\/yoast.com\/wordpress\/plugins\/seo\/ -->\n<title>Drivstoffkort -<\/title>\n<meta name=\"description\" content=\"Bli kunde - S\u00f8k om drivstoffkort hos Helgeland Oljeservice og f\u00e5 rabatt ved fylling p\u00e5 v\u00e5re stasjoner\" \/>\n<meta name=\"robots\" content=\"index, follow, max-snippet:-1, max-image-preview:large, max-video-preview:-1\" \/>\n<link rel=\"canonical\" href=\"https:\/\/www.helgeland-oljeservice.no\/?page_id=20130\" \/>\n<meta property=\"og:locale\" content=\"nb_NO\" \/>\n<meta property=\"og:type\" content=\"article\" \/>\n<meta property=\"og:title\" content=\"Drivstoffkort -\" \/>\n<meta property=\"og:description\" content=\"Bli kunde - S\u00f8k om drivstoffkort hos Helgeland Oljeservice og f\u00e5 rabatt ved fylling p\u00e5 v\u00e5re stasjoner\" \/>\n<meta property=\"og:url\" content=\"https:\/\/www.helgeland-oljeservice.no\/?page_id=20130\" \/>\n<meta property=\"article:modified_time\" content=\"2024-02-02T10:43:04+00:00\" \/>\n<meta property=\"og:image\" content=\"https:\/\/www.helgeland-oljeservice.no\/wp-content\/uploads\/2024\/01\/Logo-meta.png\" \/>\n\t<meta property=\"og:image:width\" content=\"1200\" \/>\n\t<meta property=\"og:image:height\" content=\"630\" \/>\n\t<meta property=\"og:image:type\" content=\"image\/png\" \/>\n<meta name=\"twitter:card\" content=\"summary_large_image\" \/>\n<meta name=\"twitter:image\" content=\"https:\/\/www.helgeland-oljeservice.no\/wp-content\/uploads\/2024\/01\/Logo-meta.png\" \/>\n<meta name=\"twitter:label1\" content=\"Ansl. lesetid\" \/>\n\t<meta name=\"twitter:data1\" content=\"1 minutt\" \/>\n<script type=\"application\/ld+json\" class=\"yoast-schema-graph\">{\"@context\":\"https:\/\/schema.org\",\"@graph\":[{\"@type\":\"WebPage\",\"@id\":\"https:\/\/www.helgeland-oljeservice.no\/?page_id=20130\",\"url\":\"https:\/\/www.helgeland-oljeservice.no\/?page_id=20130\",\"name\":\"Drivstoffkort -\",\"isPartOf\":{\"@id\":\"https:\/\/www.helgeland-oljeservice.no\/#website\"},\"datePublished\":\"2021-04-20T10:45:31+00:00\",\"dateModified\":\"2024-02-02T10:43:04+00:00\",\"description\":\"Bli kunde - S\u00f8k om drivstoffkort hos Helgeland Oljeservice og f\u00e5 rabatt ved fylling p\u00e5 v\u00e5re stasjoner\",\"breadcrumb\":{\"@id\":\"https:\/\/www.helgeland-oljeservice.no\/?page_id=20130#breadcrumb\"},\"inLanguage\":\"nb-NO\",\"potentialAction\":[{\"@type\":\"ReadAction\",\"target\":[\"https:\/\/www.helgeland-oljeservice.no\/?page_id=20130\"]}]},{\"@type\":\"BreadcrumbList\",\"@id\":\"https:\/\/www.helgeland-oljeservice.no\/?page_id=20130#breadcrumb\",\"itemListElement\":[{\"@type\":\"ListItem\",\"position\":1,\"name\":\"Hjem\",\"item\":\"https:\/\/www.helgeland-oljeservice.no\/\"},{\"@type\":\"ListItem\",\"position\":2,\"name\":\"Drivstoffkort\"}]},{\"@type\":\"WebSite\",\"@id\":\"https:\/\/www.helgeland-oljeservice.no\/#website\",\"url\":\"https:\/\/www.helgeland-oljeservice.no\/\",\"name\":\"\",\"description\":\"\",\"potentialAction\":[{\"@type\":\"SearchAction\",\"target\":{\"@type\":\"EntryPoint\",\"urlTemplate\":\"https:\/\/www.helgeland-oljeservice.no\/?s={search_term_string}\"},\"query-input\":\"required name=search_term_string\"}],\"inLanguage\":\"nb-NO\"}]}<\/script>\n<!-- \/ Yoast SEO plugin. -->","yoast_head_json":{"title":"Drivstoffkort -","description":"Bli kunde - S\u00f8k om drivstoffkort hos Helgeland Oljeservice og f\u00e5 rabatt ved fylling p\u00e5 v\u00e5re stasjoner","robots":{"index":"index","follow":"follow","max-snippet":"max-snippet:-1","max-image-preview":"max-image-preview:large","max-video-preview":"max-video-preview:-1"},"canonical":"https:\/\/www.helgeland-oljeservice.no\/?page_id=20130","og_locale":"nb_NO","og_type":"article","og_title":"Drivstoffkort -","og_description":"Bli kunde - S\u00f8k om drivstoffkort hos Helgeland Oljeservice og f\u00e5 rabatt ved fylling p\u00e5 v\u00e5re stasjoner","og_url":"https:\/\/www.helgeland-oljeservice.no\/?page_id=20130","article_modified_time":"2024-02-02T10:43:04+00:00","og_image":[{"width":1200,"height":630,"url":"https:\/\/www.helgeland-oljeservice.no\/wp-content\/uploads\/2024\/01\/Logo-meta.png","type":"image\/png"}],"twitter_card":"summary_large_image","twitter_image":"https:\/\/www.helgeland-oljeservice.no\/wp-content\/uploads\/2024\/01\/Logo-meta.png","twitter_misc":{"Ansl. lesetid":"1 minutt"},"schema":{"@context":"https:\/\/schema.org","@graph":[{"@type":"WebPage","@id":"https:\/\/www.helgeland-oljeservice.no\/?page_id=20130","url":"https:\/\/www.helgeland-oljeservice.no\/?page_id=20130","name":"Drivstoffkort -","isPartOf":{"@id":"https:\/\/www.helgeland-oljeservice.no\/#website"},"datePublished":"2021-04-20T10:45:31+00:00","dateModified":"2024-02-02T10:43:04+00:00","description":"Bli kunde - S\u00f8k om drivstoffkort hos Helgeland Oljeservice og f\u00e5 rabatt ved fylling p\u00e5 v\u00e5re stasjoner","breadcrumb":{"@id":"https:\/\/www.helgeland-oljeservice.no\/?page_id=20130#breadcrumb"},"inLanguage":"nb-NO","potentialAction":[{"@type":"ReadAction","target":["https:\/\/www.helgeland-oljeservice.no\/?page_id=20130"]}]},{"@type":"BreadcrumbList","@id":"https:\/\/www.helgeland-oljeservice.no\/?page_id=20130#breadcrumb","itemListElement":[{"@type":"ListItem","position":1,"name":"Hjem","item":"https:\/\/www.helgeland-oljeservice.no\/"},{"@type":"ListItem","position":2,"name":"Drivstoffkort"}]},{"@type":"WebSite","@id":"https:\/\/www.helgeland-oljeservice.no\/#website","url":"https:\/\/www.helgeland-oljeservice.no\/","name":"","description":"","potentialAction":[{"@type":"SearchAction","target":{"@type":"EntryPoint","urlTemplate":"https:\/\/www.helgeland-oljeservice.no\/?s={search_term_string}"},"query-input":"required name=search_term_string"}],"inLanguage":"nb-NO"}]}},"_links":{"self":[{"href":"https:\/\/www.helgeland-oljeservice.no\/index.php?rest_route=\/wp\/v2\/pages\/20130","targetHints":{"allow":["GET"]}}],"collection":[{"href":"https:\/\/www.helgeland-oljeservice.no\/index.php?rest_route=\/wp\/v2\/pages"}],"about":[{"href":"https:\/\/www.helgeland-oljeservice.no\/index.php?rest_route=\/wp\/v2\/types\/page"}],"author":[{"embeddable":true,"href":"https:\/\/www.helgeland-oljeservice.no\/index.php?rest_route=\/wp\/v2\/users\/7"}],"replies":[{"embeddable":true,"href":"https:\/\/www.helgeland-oljeservice.no\/index.php?rest_route=%2Fwp%2Fv2%2Fcomments&post=20130"}],"version-history":[{"count":12,"href":"https:\/\/www.helgeland-oljeservice.no\/index.php?rest_route=\/wp\/v2\/pages\/20130\/revisions"}],"predecessor-version":[{"id":46389,"href":"https:\/\/www.helgeland-oljeservice.no\/index.php?rest_route=\/wp\/v2\/pages\/20130\/revisions\/46389"}],"wp:attachment":[{"href":"https:\/\/www.helgeland-oljeservice.no\/index.php?rest_route=%2Fwp%2Fv2%2Fmedia&parent=20130"}],"curies":[{"name":"wp","href":"https:\/\/api.w.org\/{rel}","templated":true}]}}