{"id":324,"date":"2019-07-23T00:23:58","date_gmt":"2019-07-22T22:23:58","guid":{"rendered":"http:\/\/www.helgeland-oljeservice.no\/?page_id=324"},"modified":"2025-02-28T14:01:12","modified_gmt":"2025-02-28T13:01:12","slug":"drivstoff","status":"publish","type":"page","link":"https:\/\/www.helgeland-oljeservice.no\/?page_id=324","title":{"rendered":"Drivstoff"},"content":{"rendered":"\r\n<p>Diesel, Bensin, Truckdiesel, HVO (biodiesel) og farget diesel er tilgjengelig 24 timer i d\u00f8gnet p\u00e5 v\u00e5r automatstasjon. <\/p>\r\n\r\n\r\n\r\n<p>&nbsp;<\/p>\r\n\r\n\r\n\r\n<ul class=\"wp-block-gallery columns-3 is-cropped wp-block-gallery-1 is-layout-flex wp-block-gallery-is-layout-flex\">\r\n<li class=\"blocks-gallery-item\">\r\n<figure><img loading=\"lazy\" decoding=\"async\" width=\"1024\" height=\"576\" class=\"wp-image-389\" src=\"http:\/\/www.helgeland-oljeservice.no\/wp-content\/uploads\/2019\/09\/DSC_0839-1024x576.jpg\" alt=\"\" data-id=\"389\" data-link=\"http:\/\/www.helgeland-oljeservice.no\/?attachment_id=389\" srcset=\"https:\/\/www.helgeland-oljeservice.no\/wp-content\/uploads\/2019\/09\/DSC_0839-1024x576.jpg 1024w, https:\/\/www.helgeland-oljeservice.no\/wp-content\/uploads\/2019\/09\/DSC_0839-300x169.jpg 300w, https:\/\/www.helgeland-oljeservice.no\/wp-content\/uploads\/2019\/09\/DSC_0839-768x432.jpg 768w\" sizes=\"auto, (max-width: 1024px) 100vw, 1024px\" \/><\/figure>\r\n<\/li>\r\n<li class=\"blocks-gallery-item\">\r\n<figure><img loading=\"lazy\" decoding=\"async\" width=\"576\" height=\"1024\" class=\"wp-image-391\" src=\"http:\/\/www.helgeland-oljeservice.no\/wp-content\/uploads\/2019\/09\/DSC_0842-576x1024.jpg\" alt=\"\" data-id=\"391\" data-link=\"http:\/\/www.helgeland-oljeservice.no\/?attachment_id=391\" srcset=\"https:\/\/www.helgeland-oljeservice.no\/wp-content\/uploads\/2019\/09\/DSC_0842-576x1024.jpg 576w, https:\/\/www.helgeland-oljeservice.no\/wp-content\/uploads\/2019\/09\/DSC_0842-169x300.jpg 169w, https:\/\/www.helgeland-oljeservice.no\/wp-content\/uploads\/2019\/09\/DSC_0842-768x1365.jpg 768w, https:\/\/www.helgeland-oljeservice.no\/wp-content\/uploads\/2019\/09\/DSC_0842.jpg 1296w\" sizes=\"auto, (max-width: 576px) 100vw, 576px\" \/><\/figure>\r\n<\/li>\r\n<li class=\"blocks-gallery-item\">\r\n<figure><img loading=\"lazy\" decoding=\"async\" width=\"1024\" height=\"1012\" class=\"wp-image-394\" src=\"http:\/\/www.helgeland-oljeservice.no\/wp-content\/uploads\/2019\/09\/DSC_0850_2-1024x1012.jpg\" alt=\"\" data-id=\"394\" data-link=\"http:\/\/www.helgeland-oljeservice.no\/?attachment_id=394\" srcset=\"https:\/\/www.helgeland-oljeservice.no\/wp-content\/uploads\/2019\/09\/DSC_0850_2-1024x1012.jpg 1024w, https:\/\/www.helgeland-oljeservice.no\/wp-content\/uploads\/2019\/09\/DSC_0850_2-300x297.jpg 300w, https:\/\/www.helgeland-oljeservice.no\/wp-content\/uploads\/2019\/09\/DSC_0850_2-768x759.jpg 768w, https:\/\/www.helgeland-oljeservice.no\/wp-content\/uploads\/2019\/09\/DSC_0850_2-100x100.jpg 100w, https:\/\/www.helgeland-oljeservice.no\/wp-content\/uploads\/2019\/09\/DSC_0850_2.jpg 1308w\" sizes=\"auto, (max-width: 1024px) 100vw, 1024px\" \/><\/figure>\r\n<\/li>\r\n<\/ul>\r\n","protected":false},"excerpt":{"rendered":"<div class=\"entry-summary\">\n<div class=\"entry-summary\">\nDiesel, Bensin, Truckdiesel, HVO (biodiesel) og farget diesel er tilgjengelig 24 timer i d\u00f8gnet p\u00e5 v\u00e5r automatstasjon. &nbsp;\n<\/div>\n<div class=\"link-more\"><a href=\"https:\/\/www.helgeland-oljeservice.no\/?page_id=324\" class=\"more-link\">Continue reading<span class=\"screen-reader-text\"> &ldquo;Drivstoff&rdquo;<\/span>&hellip;<\/a><\/div>\n<\/div>\n<div class=\"link-more\"><a href=\"https:\/\/www.helgeland-oljeservice.no\/?page_id=324\" class=\"more-link\">Continue reading<span class=\"screen-reader-text\"> &ldquo;Drivstoff&rdquo;<\/span>&hellip;<\/a><\/div>\n","protected":false},"author":7,"featured_media":0,"parent":283,"menu_order":2,"comment_status":"closed","ping_status":"closed","template":"","meta":{"footnotes":""},"class_list":["post-324","page","type-page","status-publish","hentry","entry"],"yoast_head":"<!-- This site is optimized with the Yoast SEO plugin v21.9.1 - https:\/\/yoast.com\/wordpress\/plugins\/seo\/ -->\n<title>Drivstoff -<\/title>\n<meta name=\"robots\" content=\"index, follow, max-snippet:-1, max-image-preview:large, max-video-preview:-1\" \/>\n<link rel=\"canonical\" href=\"https:\/\/www.helgeland-oljeservice.no\/?page_id=324\" \/>\n<meta property=\"og:locale\" content=\"nb_NO\" \/>\n<meta property=\"og:type\" content=\"article\" \/>\n<meta property=\"og:title\" content=\"Drivstoff -\" \/>\n<meta property=\"og:description\" content=\"Diesel, Bensin, Truckdiesel, HVO (biodiesel) og farget diesel er tilgjengelig 24 timer i d\u00f8gnet p\u00e5 v\u00e5r automatstasjon. &nbsp; Continue reading &ldquo;Drivstoff&rdquo;&hellip;\" \/>\n<meta property=\"og:url\" content=\"https:\/\/www.helgeland-oljeservice.no\/?page_id=324\" \/>\n<meta property=\"article:modified_time\" content=\"2025-02-28T13:01:12+00:00\" \/>\n<meta property=\"og:image\" content=\"http:\/\/www.helgeland-oljeservice.no\/wp-content\/uploads\/2019\/09\/DSC_0839-1024x576.jpg\" \/>\n<meta name=\"twitter:card\" content=\"summary_large_image\" \/>\n<meta name=\"twitter:label1\" content=\"Ansl. lesetid\" \/>\n\t<meta name=\"twitter:data1\" content=\"1 minutt\" \/>\n<script type=\"application\/ld+json\" class=\"yoast-schema-graph\">{\"@context\":\"https:\/\/schema.org\",\"@graph\":[{\"@type\":\"WebPage\",\"@id\":\"https:\/\/www.helgeland-oljeservice.no\/?page_id=324\",\"url\":\"https:\/\/www.helgeland-oljeservice.no\/?page_id=324\",\"name\":\"Drivstoff -\",\"isPartOf\":{\"@id\":\"https:\/\/www.helgeland-oljeservice.no\/#website\"},\"datePublished\":\"2019-07-22T22:23:58+00:00\",\"dateModified\":\"2025-02-28T13:01:12+00:00\",\"breadcrumb\":{\"@id\":\"https:\/\/www.helgeland-oljeservice.no\/?page_id=324#breadcrumb\"},\"inLanguage\":\"nb-NO\",\"potentialAction\":[{\"@type\":\"ReadAction\",\"target\":[\"https:\/\/www.helgeland-oljeservice.no\/?page_id=324\"]}]},{\"@type\":\"BreadcrumbList\",\"@id\":\"https:\/\/www.helgeland-oljeservice.no\/?page_id=324#breadcrumb\",\"itemListElement\":[{\"@type\":\"ListItem\",\"position\":1,\"name\":\"Hjem\",\"item\":\"https:\/\/www.helgeland-oljeservice.no\/\"},{\"@type\":\"ListItem\",\"position\":2,\"name\":\"Produkter\",\"item\":\"https:\/\/www.helgeland-oljeservice.no\/?page_id=283\"},{\"@type\":\"ListItem\",\"position\":3,\"name\":\"Drivstoff\"}]},{\"@type\":\"WebSite\",\"@id\":\"https:\/\/www.helgeland-oljeservice.no\/#website\",\"url\":\"https:\/\/www.helgeland-oljeservice.no\/\",\"name\":\"\",\"description\":\"\",\"potentialAction\":[{\"@type\":\"SearchAction\",\"target\":{\"@type\":\"EntryPoint\",\"urlTemplate\":\"https:\/\/www.helgeland-oljeservice.no\/?s={search_term_string}\"},\"query-input\":\"required name=search_term_string\"}],\"inLanguage\":\"nb-NO\"}]}<\/script>\n<!-- \/ Yoast SEO plugin. -->","yoast_head_json":{"title":"Drivstoff -","robots":{"index":"index","follow":"follow","max-snippet":"max-snippet:-1","max-image-preview":"max-image-preview:large","max-video-preview":"max-video-preview:-1"},"canonical":"https:\/\/www.helgeland-oljeservice.no\/?page_id=324","og_locale":"nb_NO","og_type":"article","og_title":"Drivstoff -","og_description":"Diesel, Bensin, Truckdiesel, HVO (biodiesel) og farget diesel er tilgjengelig 24 timer i d\u00f8gnet p\u00e5 v\u00e5r automatstasjon. &nbsp; Continue reading &ldquo;Drivstoff&rdquo;&hellip;","og_url":"https:\/\/www.helgeland-oljeservice.no\/?page_id=324","article_modified_time":"2025-02-28T13:01:12+00:00","og_image":[{"url":"http:\/\/www.helgeland-oljeservice.no\/wp-content\/uploads\/2019\/09\/DSC_0839-1024x576.jpg"}],"twitter_card":"summary_large_image","twitter_misc":{"Ansl. lesetid":"1 minutt"},"schema":{"@context":"https:\/\/schema.org","@graph":[{"@type":"WebPage","@id":"https:\/\/www.helgeland-oljeservice.no\/?page_id=324","url":"https:\/\/www.helgeland-oljeservice.no\/?page_id=324","name":"Drivstoff -","isPartOf":{"@id":"https:\/\/www.helgeland-oljeservice.no\/#website"},"datePublished":"2019-07-22T22:23:58+00:00","dateModified":"2025-02-28T13:01:12+00:00","breadcrumb":{"@id":"https:\/\/www.helgeland-oljeservice.no\/?page_id=324#breadcrumb"},"inLanguage":"nb-NO","potentialAction":[{"@type":"ReadAction","target":["https:\/\/www.helgeland-oljeservice.no\/?page_id=324"]}]},{"@type":"BreadcrumbList","@id":"https:\/\/www.helgeland-oljeservice.no\/?page_id=324#breadcrumb","itemListElement":[{"@type":"ListItem","position":1,"name":"Hjem","item":"https:\/\/www.helgeland-oljeservice.no\/"},{"@type":"ListItem","position":2,"name":"Produkter","item":"https:\/\/www.helgeland-oljeservice.no\/?page_id=283"},{"@type":"ListItem","position":3,"name":"Drivstoff"}]},{"@type":"WebSite","@id":"https:\/\/www.helgeland-oljeservice.no\/#website","url":"https:\/\/www.helgeland-oljeservice.no\/","name":"","description":"","potentialAction":[{"@type":"SearchAction","target":{"@type":"EntryPoint","urlTemplate":"https:\/\/www.helgeland-oljeservice.no\/?s={search_term_string}"},"query-input":"required name=search_term_string"}],"inLanguage":"nb-NO"}]}},"_links":{"self":[{"href":"https:\/\/www.helgeland-oljeservice.no\/index.php?rest_route=\/wp\/v2\/pages\/324","targetHints":{"allow":["GET"]}}],"collection":[{"href":"https:\/\/www.helgeland-oljeservice.no\/index.php?rest_route=\/wp\/v2\/pages"}],"about":[{"href":"https:\/\/www.helgeland-oljeservice.no\/index.php?rest_route=\/wp\/v2\/types\/page"}],"author":[{"embeddable":true,"href":"https:\/\/www.helgeland-oljeservice.no\/index.php?rest_route=\/wp\/v2\/users\/7"}],"replies":[{"embeddable":true,"href":"https:\/\/www.helgeland-oljeservice.no\/index.php?rest_route=%2Fwp%2Fv2%2Fcomments&post=324"}],"version-history":[{"count":5,"href":"https:\/\/www.helgeland-oljeservice.no\/index.php?rest_route=\/wp\/v2\/pages\/324\/revisions"}],"predecessor-version":[{"id":46397,"href":"https:\/\/www.helgeland-oljeservice.no\/index.php?rest_route=\/wp\/v2\/pages\/324\/revisions\/46397"}],"up":[{"embeddable":true,"href":"https:\/\/www.helgeland-oljeservice.no\/index.php?rest_route=\/wp\/v2\/pages\/283"}],"wp:attachment":[{"href":"https:\/\/www.helgeland-oljeservice.no\/index.php?rest_route=%2Fwp%2Fv2%2Fmedia&parent=324"}],"curies":[{"name":"wp","href":"https:\/\/api.w.org\/{rel}","templated":true}]}}